{"id":168,"date":"2026-02-11T18:59:59","date_gmt":"2026-02-11T18:59:59","guid":{"rendered":"http:\/\/kawan-lezarts.eu\/?page_id=168"},"modified":"2026-02-15T15:46:34","modified_gmt":"2026-02-15T15:46:34","slug":"politique-tarifaire","status":"publish","type":"page","link":"http:\/\/kawan-lezarts.eu\/index.php\/politique-tarifaire\/","title":{"rendered":"POLITIQUE TARIFAIRE"},"content":{"rendered":"\n<p>Bonjour, vous \u00eates int\u00e9ress\u00e9 par une \u0153uvre et vous h\u00e9sitez \u00e0 acheter en vous demandant si ce site est fiable ou non ? Cette interrogation est l\u00e9gitime car il y a malheureusement beaucoup d\u2019escrocs en ligne. \u00c9tant un artiste ind\u00e9pendant et n\u2019ayant pas la maitrise de la gestion d\u2019un site et en particulier de la s\u00e9curit\u00e9 des paiements j\u2019ai choisi de travailler avec un site tiers.<\/p>\n\n\n\n<p>Je travaille donc avec <a href=\"https:\/\/www.artmajeur.com\/fr\/\" data-type=\"link\" data-id=\"https:\/\/www.artmajeur.com\/fr\/\">art majeur<\/a>, cette plateforme est reconnue par les artistes du monde entier pour son s\u00e9rieux et son professionnalisme.<\/p>\n\n\n\n<p>Pour les \u0153uvres \u00e0 petits prix je passe par le <a href=\"https:\/\/www.leboncoin.fr\/\">Le bon coin<\/a> qui est reconnu pour sa fiabilit\u00e9. Cette plateforme bien que non sp\u00e9cialis\u00e9e dans les \u0153uvres d&rsquo;art offre aussi des tarifs int\u00e9ressants pour les envois de colis et ne pr\u00e9l\u00e8ve qu\u2019une commission raisonnable.<\/p>\n\n\n\n<p>L\u2019emballage du colis reste \u00e0 ma charge et me permet de prendre soin de vos achats.Vous devrez cr\u00e9er un compte sur le site ,il vous suffira ensuite de valider votre achat.<\/p>\n\n\n\n<p><strong>Politique de prix :<\/strong><\/p>\n\n\n\n<p>Fixer un prix pour une \u0153uvre est toujours un exercice d\u00e9licat, trop ch\u00e8re elle ne trouvera pas preneur, pas assez ch\u00e8re elle d\u00e9pr\u00e9ciera mon travail. Je ne pratique pas mon art pour m\u2019enrichir mais j\u2019y passe du temps et du mat\u00e9riel, je recherche donc une juste r\u00e9mun\u00e9ration.<\/p>\n\n\n\n<p>J\u2019ai fix\u00e9 mon prix de base \u00e0 10\u20ac pour un carr\u00e9 10\u00d710 pour les acryliques, ce qui pour une toile (ou autre support) 50 x 50 cm repr\u00e9sente un prix de 250 \u20ac. Avec un minimum de 50 \u20ac pour les tous petits formats. A ce prix s&rsquo;ajoute la commission prise par la plateforme (Art Majeur) et les frais d\u2019envoi.<\/p>\n\n\n\n<p>Certaines \u0153uvres seront un peu plus ch\u00e8res , d\u2019autres un peu moins.<\/p>\n\n\n\n<p>Pour les dessins les prix varient en fonction du temps pass\u00e9.<\/p>\n\n\n\n<p>Rappelez vous que toutes les \u0153uvres que vous trouverez ici sont uniques. Une facture et un certificat d\u2019authenticit\u00e9 vous serons fournis pour chaque achat. Une n\u00e9gociation est n\u00e9anmoins toujours possible n\u2019h\u00e9sitez pas \u00e0 me contacter.<\/p>\n\n\n\n<p>Mon prix de vente affich\u00e9 pour les \u0153uvres \u00e0 petits prix (le bon coin) ne comprend pas le prix d\u2019envoi car il varie en fonction de votre choix de transporteur.<\/p>\n\n\n\n<p><strong>Paiements en direct :<\/strong> <\/p>\n\n\n\n<p>Vous pouvez traiter directement avec moi sans passer par la plateforme. Dans ce cas contacter moi via la rubrique <a href=\"http:\/\/kawan-lezarts.eu\/index.php\/contact\/\" data-type=\"page\" data-id=\"35\">contact<\/a> en m&rsquo;indiquant votre nom- pr\u00e9nom adresse et t\u00e9l\u00e9phone. Je prendrais contact avec vous pour \u00e9tablir les modalit\u00e9s de vente. Soit par \u00e9change directe , soit par envoi postal.<\/p>\n\n\n\n<p>Des questions suppl\u00e9mentaires ? : n\u2019h\u00e9sitez pas \u00e0 me contacter via la rubrique <a href=\"http:\/\/kawan-lezarts.eu\/index.php\/contact\/\" data-type=\"page\" data-id=\"35\">contact<\/a>.<\/p>\n\n\n\n<p><\/p>\n","protected":false},"excerpt":{"rendered":"<p>Bonjour, vous \u00eates int\u00e9ress\u00e9 par une \u0153uvre et vous h\u00e9sitez \u00e0 acheter en vous demandant si ce site est fiable ou non ? Cette interrogation est l\u00e9gitime car il y a malheureusement beaucoup d\u2019escrocs en ligne. \u00c9tant un artiste ind\u00e9pendant et n\u2019ayant pas la maitrise de la gestion d\u2019un site et en particulier de la [&hellip;]<\/p>\n","protected":false},"author":1,"featured_media":0,"parent":0,"menu_order":0,"comment_status":"closed","ping_status":"closed","template":"","meta":{"saved_in_kubio":false,"footnotes":""},"class_list":["post-168","page","type-page","status-publish","hentry"],"kubio_ai_page_context":{"short_desc":"","purpose":"general"},"_links":{"self":[{"href":"http:\/\/kawan-lezarts.eu\/index.php\/wp-json\/wp\/v2\/pages\/168","targetHints":{"allow":["GET"]}}],"collection":[{"href":"http:\/\/kawan-lezarts.eu\/index.php\/wp-json\/wp\/v2\/pages"}],"about":[{"href":"http:\/\/kawan-lezarts.eu\/index.php\/wp-json\/wp\/v2\/types\/page"}],"author":[{"embeddable":true,"href":"http:\/\/kawan-lezarts.eu\/index.php\/wp-json\/wp\/v2\/users\/1"}],"replies":[{"embeddable":true,"href":"http:\/\/kawan-lezarts.eu\/index.php\/wp-json\/wp\/v2\/comments?post=168"}],"version-history":[{"count":3,"href":"http:\/\/kawan-lezarts.eu\/index.php\/wp-json\/wp\/v2\/pages\/168\/revisions"}],"predecessor-version":[{"id":220,"href":"http:\/\/kawan-lezarts.eu\/index.php\/wp-json\/wp\/v2\/pages\/168\/revisions\/220"}],"wp:attachment":[{"href":"http:\/\/kawan-lezarts.eu\/index.php\/wp-json\/wp\/v2\/media?parent=168"}],"curies":[{"name":"wp","href":"https:\/\/api.w.org\/{rel}","templated":true}]}}