{"id":32,"date":"2026-02-10T16:17:34","date_gmt":"2026-02-10T16:17:34","guid":{"rendered":"http:\/\/kawan-lezarts.eu\/index.php\/a-propos\/"},"modified":"2026-02-12T19:40:02","modified_gmt":"2026-02-12T19:40:02","slug":"a-propos","status":"publish","type":"page","link":"https:\/\/kawan-lezarts.eu\/index.php\/a-propos\/","title":{"rendered":"\u00c0 propos"},"content":{"rendered":"\n<figure class=\"wp-block-image size-large is-resized\"><img loading=\"lazy\" decoding=\"async\" width=\"824\" height=\"1024\" src=\"http:\/\/kawan-lezarts.eu\/wp-content\/uploads\/2026\/02\/id-site-1-824x1024.jpg\" alt=\"\" class=\"wp-image-110\" style=\"aspect-ratio:0.8046755146807111;width:124px;height:auto\" srcset=\"https:\/\/kawan-lezarts.eu\/wp-content\/uploads\/2026\/02\/id-site-1-824x1024.jpg 824w, https:\/\/kawan-lezarts.eu\/wp-content\/uploads\/2026\/02\/id-site-1-241x300.jpg 241w, https:\/\/kawan-lezarts.eu\/wp-content\/uploads\/2026\/02\/id-site-1-768x955.jpg 768w, https:\/\/kawan-lezarts.eu\/wp-content\/uploads\/2026\/02\/id-site-1-1235x1536.jpg 1235w, https:\/\/kawan-lezarts.eu\/wp-content\/uploads\/2026\/02\/id-site-1-1647x2048.jpg 1647w, https:\/\/kawan-lezarts.eu\/wp-content\/uploads\/2026\/02\/id-site-1-869x1080.jpg 869w, https:\/\/kawan-lezarts.eu\/wp-content\/uploads\/2026\/02\/id-site-1.jpg 1743w\" sizes=\"(max-width: 824px) 100vw, 824px\" \/><\/figure>\n\n\n\n<blockquote class=\"wp-block-quote is-layout-flow wp-block-quote-is-layout-flow\">\n<p id=\"m_-448654976934522713block-657ff728-a7fe-4db7-b676-edc8782189fc\">Bonjour \u00e0 vous qui vous \u00eates \u00e9gar\u00e9s sur ce site, si vous aimez la couleur vous ne serez pas totalement perdus.<\/p>\n<\/blockquote>\n\n\n\n<blockquote class=\"wp-block-quote is-layout-flow wp-block-quote-is-layout-flow\">\n<p id=\"m_-448654976934522713block-657ff728-a7fe-4db7-b676-edc8782189fc\">J&rsquo;ai commenc\u00e9 \u00e0 peindre et dessiner voil\u00e0 d\u00e9sormais bien longtemps, autodidacte je me suis int\u00e9ress\u00e9 au fil du temps \u00e0 diverses techniques avec plus ou moins de succ\u00e8s et d\u2019app\u00e9tence. De l&rsquo;abstraction au figuratif je ne suis pas arriv\u00e9 \u00e0 choisir tant il me semble difficile de me cantonner \u00e0 un genre ou \u00e0 une technique au risque de me perdre et de vous perdre.<\/p>\n\n\n\n<p id=\"m_-448654976934522713block-d56a1de9-c154-438b-8bca-f1a724068488\">Prot\u00e9iforme est sans doute l&rsquo;adjectif qui colle le mieux \u00e0 mes cr\u00e9ations, car elles s&rsquo;expriment sous bien des formes , peintures, encres, aquarelles, feutres, pastels, crayons, num\u00e9riques et dans des registres tr\u00e8s \u00e9loign\u00e9s : de l&rsquo;abstraction au figuratif le plus classique. Faut il choisir ?<\/p>\n\n\n\n<p id=\"m_-448654976934522713block-f309f756-d35c-4106-8281-6518d8c886d6\">Peut \u00eatre le faudrait il, prendre une recette bien maitris\u00e9e et la r\u00e9p\u00e9ter \u00e0 l&rsquo;infini pour atteindre une perfection du geste et de la forme, tendre vers l&rsquo;absolu. Cela je ne peux, l&rsquo;ennui me gagne, il me faut tester sans cesse, m&rsquo;engager dans une voie puis bifurquer vers une autre, atteindre une \u00e9tape , regarder en arri\u00e8re et m&rsquo;arr\u00eater, d\u00e9courag\u00e9 par mes insuffisances. Recommencer avec autre chose, tester, progresser , \u00eatre satisfait quelques instants et puis changer \u00e0 nouveau.<\/p>\n\n\n\n<p id=\"m_-448654976934522713block-b867b94b-cf20-4ba5-87ad-736c86d112b0\">Tout cela forme t-il une d\u00e9marche artistique, je n&rsquo;en sais rien, \u00e0 vous d&rsquo;en juger. J&rsquo;esp\u00e8re que quelques tentatives sont r\u00e9ussies et vous apporteront une vision renouvel\u00e9e du monde et de la nature.<\/p>\n<\/blockquote>\n\n\n\n<blockquote class=\"wp-block-quote is-layout-flow wp-block-quote-is-layout-flow\">\n<p id=\"m_-448654976934522713block-b867b94b-cf20-4ba5-87ad-736c86d112b0\">Car c&rsquo;est la nature qui me guide et me motive, m&rsquo;apporte \u00e9nergie et lumi\u00e8re. Sans elle nous ne sommes rien, nous aurions tort de l&rsquo;oublier.<\/p>\n<\/blockquote>\n\n\n\n<p><\/p>\n","protected":false},"excerpt":{"rendered":"<p>Bonjour \u00e0 vous qui vous \u00eates \u00e9gar\u00e9s sur ce site, si vous aimez la couleur vous ne serez pas totalement perdus. J&rsquo;ai commenc\u00e9 \u00e0 peindre et dessiner voil\u00e0 d\u00e9sormais bien longtemps, autodidacte je me suis int\u00e9ress\u00e9 au fil du temps \u00e0 diverses techniques avec plus ou moins de succ\u00e8s et d\u2019app\u00e9tence. De l&rsquo;abstraction au figuratif [&hellip;]<\/p>\n","protected":false},"author":1,"featured_media":0,"parent":0,"menu_order":0,"comment_status":"closed","ping_status":"closed","template":"full-width","meta":{"saved_in_kubio":true,"footnotes":""},"class_list":["post-32","page","type-page","status-publish","hentry"],"kubio_ai_page_context":{"short_desc":"","purpose":"general"},"_links":{"self":[{"href":"https:\/\/kawan-lezarts.eu\/index.php\/wp-json\/wp\/v2\/pages\/32","targetHints":{"allow":["GET"]}}],"collection":[{"href":"https:\/\/kawan-lezarts.eu\/index.php\/wp-json\/wp\/v2\/pages"}],"about":[{"href":"https:\/\/kawan-lezarts.eu\/index.php\/wp-json\/wp\/v2\/types\/page"}],"author":[{"embeddable":true,"href":"https:\/\/kawan-lezarts.eu\/index.php\/wp-json\/wp\/v2\/users\/1"}],"replies":[{"embeddable":true,"href":"https:\/\/kawan-lezarts.eu\/index.php\/wp-json\/wp\/v2\/comments?post=32"}],"version-history":[{"count":4,"href":"https:\/\/kawan-lezarts.eu\/index.php\/wp-json\/wp\/v2\/pages\/32\/revisions"}],"predecessor-version":[{"id":213,"href":"https:\/\/kawan-lezarts.eu\/index.php\/wp-json\/wp\/v2\/pages\/32\/revisions\/213"}],"wp:attachment":[{"href":"https:\/\/kawan-lezarts.eu\/index.php\/wp-json\/wp\/v2\/media?parent=32"}],"curies":[{"name":"wp","href":"https:\/\/api.w.org\/{rel}","templated":true}]}}