{"id":321,"date":"2026-03-10T16:14:11","date_gmt":"2026-03-10T16:14:11","guid":{"rendered":"https:\/\/kawan-lezarts.eu\/index.php\/gribouillages\/"},"modified":"2026-03-16T14:26:16","modified_gmt":"2026-03-16T14:26:16","slug":"gribouillages","status":"publish","type":"page","link":"https:\/\/kawan-lezarts.eu\/index.php\/gribouillages\/","title":{"rendered":"GRIBOUILLAGES"},"content":{"rendered":"\n<p class=\"has-text-align-center has-x-large-font-size\"><strong>S\u00e9rie de gribouillages r\u00e9alis\u00e9s \u00e0 l&rsquo;encre sur papier<\/strong><br><\/p>\n\n\n\n\n\n\n\n\n\n\n\n\n\n\n\n\n\n\n\n\n\n\n\n\n\n\n\n\n\n\n\n<p><\/p>\n","protected":false},"excerpt":{"rendered":"<p>S\u00e9rie de gribouillages r\u00e9alis\u00e9s \u00e0 l&rsquo;encre sur papier<\/p>\n","protected":false},"author":1,"featured_media":0,"parent":0,"menu_order":0,"comment_status":"closed","ping_status":"closed","template":"","meta":{"saved_in_kubio":true,"footnotes":""},"class_list":["post-321","page","type-page","status-publish","hentry"],"kubio_ai_page_context":{"short_desc":"","purpose":"general"},"_links":{"self":[{"href":"https:\/\/kawan-lezarts.eu\/index.php\/wp-json\/wp\/v2\/pages\/321","targetHints":{"allow":["GET"]}}],"collection":[{"href":"https:\/\/kawan-lezarts.eu\/index.php\/wp-json\/wp\/v2\/pages"}],"about":[{"href":"https:\/\/kawan-lezarts.eu\/index.php\/wp-json\/wp\/v2\/types\/page"}],"author":[{"embeddable":true,"href":"https:\/\/kawan-lezarts.eu\/index.php\/wp-json\/wp\/v2\/users\/1"}],"replies":[{"embeddable":true,"href":"https:\/\/kawan-lezarts.eu\/index.php\/wp-json\/wp\/v2\/comments?post=321"}],"version-history":[{"count":22,"href":"https:\/\/kawan-lezarts.eu\/index.php\/wp-json\/wp\/v2\/pages\/321\/revisions"}],"predecessor-version":[{"id":367,"href":"https:\/\/kawan-lezarts.eu\/index.php\/wp-json\/wp\/v2\/pages\/321\/revisions\/367"}],"wp:attachment":[{"href":"https:\/\/kawan-lezarts.eu\/index.php\/wp-json\/wp\/v2\/media?parent=321"}],"curies":[{"name":"wp","href":"https:\/\/api.w.org\/{rel}","templated":true}]}}