{"id":35,"date":"2026-02-10T16:17:35","date_gmt":"2026-02-10T16:17:35","guid":{"rendered":"http:\/\/kawan-lezarts.eu\/index.php\/contact\/"},"modified":"2026-02-12T19:42:31","modified_gmt":"2026-02-12T19:42:31","slug":"contact","status":"publish","type":"page","link":"https:\/\/kawan-lezarts.eu\/index.php\/contact\/","title":{"rendered":"Contact"},"content":{"rendered":"\n\n","protected":false},"excerpt":{"rendered":"","protected":false},"author":1,"featured_media":0,"parent":0,"menu_order":0,"comment_status":"closed","ping_status":"closed","template":"full-width","meta":{"saved_in_kubio":true,"footnotes":""},"class_list":["post-35","page","type-page","status-publish","hentry"],"kubio_ai_page_context":{"short_desc":"Une page qui simplifie la communication entre notre entreprise et son public. Int\u00e9grez des formulaires de contact, des num\u00e9ros de t\u00e9l\u00e9phone, des adresses et des liens vers les r\u00e9seaux sociaux pour offrir aux visiteurs des moyens pratiques de nous contacter.","purpose":"contact","isFrontPage":false},"_links":{"self":[{"href":"https:\/\/kawan-lezarts.eu\/index.php\/wp-json\/wp\/v2\/pages\/35","targetHints":{"allow":["GET"]}}],"collection":[{"href":"https:\/\/kawan-lezarts.eu\/index.php\/wp-json\/wp\/v2\/pages"}],"about":[{"href":"https:\/\/kawan-lezarts.eu\/index.php\/wp-json\/wp\/v2\/types\/page"}],"author":[{"embeddable":true,"href":"https:\/\/kawan-lezarts.eu\/index.php\/wp-json\/wp\/v2\/users\/1"}],"replies":[{"embeddable":true,"href":"https:\/\/kawan-lezarts.eu\/index.php\/wp-json\/wp\/v2\/comments?post=35"}],"version-history":[{"count":3,"href":"https:\/\/kawan-lezarts.eu\/index.php\/wp-json\/wp\/v2\/pages\/35\/revisions"}],"predecessor-version":[{"id":216,"href":"https:\/\/kawan-lezarts.eu\/index.php\/wp-json\/wp\/v2\/pages\/35\/revisions\/216"}],"wp:attachment":[{"href":"https:\/\/kawan-lezarts.eu\/index.php\/wp-json\/wp\/v2\/media?parent=35"}],"curies":[{"name":"wp","href":"https:\/\/api.w.org\/{rel}","templated":true}]}}